{"id":1012,"date":"2023-08-07T10:08:09","date_gmt":"2023-08-07T10:08:09","guid":{"rendered":"https:\/\/gourmetinvent.typografics.online\/?page_id=1012"},"modified":"2023-11-20T10:15:34","modified_gmt":"2023-11-20T10:15:34","slug":"private","status":"publish","type":"page","link":"https:\/\/www.gourmetinvent.be\/nl\/private\/","title":{"rendered":"Private Catering"},"content":{"rendered":"\t\t<div data-elementor-type=\"wp-page\" data-elementor-id=\"1012\" class=\"elementor elementor-1012\" data-elementor-post-type=\"page\">\n\t\t\t\t<div class=\"elementor-element elementor-element-49b2826 txt-white e-flex e-con-boxed e-con e-parent\" data-id=\"49b2826\" data-element_type=\"container\" data-e-type=\"container\" data-settings=\"{&quot;background_background&quot;:&quot;classic&quot;}\">\n\t\t\t\t\t<div class=\"e-con-inner\">\n\t\t\t\t<div class=\"elementor-element elementor-element-51cfb26 elementor-widget elementor-widget-heading\" data-id=\"51cfb26\" data-element_type=\"widget\" data-e-type=\"widget\" data-widget_type=\"heading.default\">\n\t\t\t\t<div class=\"elementor-widget-container\">\n\t\t\t\t\t<h1 class=\"elementor-heading-title elementor-size-default\">Private Catering<\/h1>\t\t\t\t<\/div>\n\t\t\t\t<\/div>\n\t\t\t\t<div class=\"elementor-element elementor-element-726ee6b elementor-widget__width-initial elementor-widget elementor-widget-text-editor\" data-id=\"726ee6b\" data-element_type=\"widget\" data-e-type=\"widget\" data-widget_type=\"text-editor.default\">\n\t\t\t\t<div class=\"elementor-widget-container\">\n\t\t\t\t\t\t\t\t\t<p>Voor uw unieke, prachtige en onvergetelijke feesten leggen onze chefs en adviseurs al hun passie aan de dag. Dankzij onze creativiteit, ons luisterend oor en onze smaak voor \u2018maatwerk\u2019 maken we van elke gelegenheid een unieke belevenis.<\/p>\t\t\t\t\t\t\t\t<\/div>\n\t\t\t\t<\/div>\n\t\t\t\t<div class=\"elementor-element elementor-element-47d13ea ct-animated-scroll-icon elementor-view-default elementor-widget elementor-widget-icon\" data-id=\"47d13ea\" data-element_type=\"widget\" data-e-type=\"widget\" data-widget_type=\"icon.default\">\n\t\t\t\t<div class=\"elementor-widget-container\">\n\t\t\t\t\t\t\t<div class=\"elementor-icon-wrapper\">\n\t\t\t<div class=\"elementor-icon\">\n\t\t\t<svg xmlns=\"http:\/\/www.w3.org\/2000\/svg\" viewBox=\"0 0 50 50\"><path d=\"M25 0C16.4 0 9.4 7 9.4 15.6v18.8a15.6 15.6 0 0 0 31.2 0V15.6C40.6 7 33.6 0 25 0zm12.5 34.4a12.5 12.5 0 0 1-25 0V15.6a12.5 12.5 0 0 1 25 0v18.8z\"><\/path><circle cx=\"25\" cy=\"11.6\" r=\"4\"><\/circle><\/svg>\t\t\t<\/div>\n\t\t<\/div>\n\t\t\t\t\t\t<\/div>\n\t\t\t\t<\/div>\n\t\t\t\t\t<\/div>\n\t\t\t\t<\/div>\n\t\t<div class=\"elementor-element elementor-element-9379389 e-flex e-con-boxed e-con e-parent\" data-id=\"9379389\" data-element_type=\"container\" data-e-type=\"container\">\n\t\t\t\t\t<div class=\"e-con-inner\">\n\t\t<div class=\"elementor-element elementor-element-2afcc55 e-con-full e-flex e-con e-child\" data-id=\"2afcc55\" data-element_type=\"container\" data-e-type=\"container\">\n\t\t\t\t<div class=\"elementor-element elementor-element-ba5c91b elementor-widget__width-initial elementor-widget-tablet__width-inherit elementor-widget elementor-widget-heading\" data-id=\"ba5c91b\" data-element_type=\"widget\" data-e-type=\"widget\" data-widget_type=\"heading.default\">\n\t\t\t\t<div class=\"elementor-widget-container\">\n\t\t\t\t\t<h2 class=\"elementor-heading-title elementor-size-default\">Catering voor de momenten die er echt toe doen<\/h2>\t\t\t\t<\/div>\n\t\t\t\t<\/div>\n\t\t\t\t<div class=\"elementor-element elementor-element-1f6e67c elementor-widget elementor-widget-text-editor\" data-id=\"1f6e67c\" data-element_type=\"widget\" data-e-type=\"widget\" data-widget_type=\"text-editor.default\">\n\t\t\t\t<div class=\"elementor-widget-container\">\n\t\t\t\t\t\t\t\t\t<p><i><b>De sleutelmomenten in je leven worden onvergetelijk met de juiste, culinaire invulling.<\/b><\/i><\/p><p>We stellen je graag voor aan onze wapenbroeders van<span style=\"font-size: inherit; text-align: inherit; background-color: var(--palettecolor4); color: var(--color); font-family: var(--fontFamily); font-style: var(--fontStyle, inherit); font-weight: var(--fontWeight); letter-spacing: var(--letterSpacing); text-transform: var(--textTransform);\">\u00a0<\/span><strong style=\"font-size: inherit; text-align: inherit; background-color: var(--palettecolor4); color: var(--color); font-family: var(--fontFamily); font-style: var(--fontStyle, inherit); letter-spacing: var(--letterSpacing); text-transform: var(--textTransform);\"><a href=\"https:\/\/www.fruy.be\" target=\"_blank\" rel=\"noopener\">Fruy Catering<\/a>.<\/strong><span style=\"font-size: inherit; text-align: inherit; background-color: var(--palettecolor4); color: var(--color); font-family: var(--fontFamily); font-style: var(--fontStyle, inherit); font-weight: var(--fontWeight); letter-spacing: var(--letterSpacing); text-transform: var(--textTransform);\">\u00a0Of je nu een doopfeest, communie, tuinfeest, huwelijk of &#8211; jammer genoeg &#8211; een afscheid plant; Fruy Catering zorgt moeiteloos voor de juiste toon, het juiste menu en de perfecte setting.<\/span><\/p><p><span style=\"background-color: var(--palettecolor4); color: var(--color); font-family: var(--fontFamily); font-size: var(--fontSize); font-style: var(--fontStyle, inherit); font-weight: var(--fontWeight); letter-spacing: var(--letterSpacing); text-align: var(--text-align); text-transform: var(--textTransform);\">De mogelijkheden zijn eindeloos. Wil je trouwen op een strand in het binnenland, dan serveert Fruy je Noordzeegarnalen in de schaduw van een bedoe\u00efenentent, op espadrilles. Liever een sprookje uit duizend-en-\u00e9\u00e9n-nacht? Fruy Catering zorgt voor topcatering in een magisch decor waar je gasten nog lang over zullen spreken.<\/span><\/p>\t\t\t\t\t\t\t\t<\/div>\n\t\t\t\t<\/div>\n\t\t\t\t<\/div>\n\t\t<div class=\"elementor-element elementor-element-e7b53e9 e-con-full e-flex e-con e-child\" data-id=\"e7b53e9\" data-element_type=\"container\" data-e-type=\"container\">\n\t\t\t\t<div class=\"elementor-element elementor-element-0c9d55f elementor-widget elementor-widget-image\" data-id=\"0c9d55f\" data-element_type=\"widget\" data-e-type=\"widget\" data-widget_type=\"image.default\">\n\t\t\t\t<div class=\"elementor-widget-container\">\n\t\t\t\t\t\t\t\t\t\t\t\t\t\t\t<img fetchpriority=\"high\" decoding=\"async\" width=\"1024\" height=\"683\" src=\"https:\/\/www.gourmetinvent.be\/wp-content\/uploads\/2023\/11\/GI_Web_Private_2-1-1024x683.jpg\" class=\"attachment-large size-large wp-image-2658\" alt=\"\" srcset=\"https:\/\/www.gourmetinvent.be\/wp-content\/uploads\/2023\/11\/GI_Web_Private_2-1-1024x683.jpg 1024w, https:\/\/www.gourmetinvent.be\/wp-content\/uploads\/2023\/11\/GI_Web_Private_2-1-300x200.jpg 300w, https:\/\/www.gourmetinvent.be\/wp-content\/uploads\/2023\/11\/GI_Web_Private_2-1-768x512.jpg 768w, https:\/\/www.gourmetinvent.be\/wp-content\/uploads\/2023\/11\/GI_Web_Private_2-1-1536x1024.jpg 1536w, https:\/\/www.gourmetinvent.be\/wp-content\/uploads\/2023\/11\/GI_Web_Private_2-1.jpg 1882w\" sizes=\"(max-width: 1024px) 100vw, 1024px\" \/>\t\t\t\t\t\t\t\t\t\t\t\t\t\t\t<\/div>\n\t\t\t\t<\/div>\n\t\t\t\t<\/div>\n\t\t\t\t\t<\/div>\n\t\t\t\t<\/div>\n\t\t<div class=\"elementor-element elementor-element-4305c9d7 txt-white e-flex e-con-boxed e-con e-parent\" data-id=\"4305c9d7\" data-element_type=\"container\" data-e-type=\"container\" data-settings=\"{&quot;background_background&quot;:&quot;classic&quot;}\">\n\t\t\t\t\t<div class=\"e-con-inner\">\n\t\t\t\t<div class=\"elementor-element elementor-element-4fcdab01 elementor-widget elementor-widget-heading\" data-id=\"4fcdab01\" data-element_type=\"widget\" data-e-type=\"widget\" data-widget_type=\"heading.default\">\n\t\t\t\t<div class=\"elementor-widget-container\">\n\t\t\t\t\t<h2 class=\"elementor-heading-title elementor-size-default\">Proef The Difference<br>In Food Emotions<\/h2>\t\t\t\t<\/div>\n\t\t\t\t<\/div>\n\t\t\t\t<div class=\"elementor-element elementor-element-aa0c388 elementor-align-center elementor-widget elementor-widget-button\" data-id=\"aa0c388\" data-element_type=\"widget\" data-e-type=\"widget\" data-widget_type=\"button.default\">\n\t\t\t\t<div class=\"elementor-widget-container\">\n\t\t\t\t\t\t\t\t\t<div class=\"elementor-button-wrapper\">\n\t\t\t\t\t<a class=\"elementor-button elementor-button-link elementor-size-md\" href=\"https:\/\/www.gourmetinvent.be\/contact\/\">\n\t\t\t\t\t\t<span class=\"elementor-button-content-wrapper\">\n\t\t\t\t\t\t\t\t\t<span class=\"elementor-button-text\">Contacteer ons vandaag nog<\/span>\n\t\t\t\t\t<\/span>\n\t\t\t\t\t<\/a>\n\t\t\t\t<\/div>\n\t\t\t\t\t\t\t\t<\/div>\n\t\t\t\t<\/div>\n\t\t\t\t\t<\/div>\n\t\t\t\t<\/div>\n\t\t\t\t<\/div>\n\t\t","protected":false},"excerpt":{"rendered":"<p>Private Catering Voor uw unieke, prachtige en onvergetelijke feesten leggen onze chefs en adviseurs al hun passie aan de dag. Dankzij onze creativiteit, ons luisterend oor en onze smaak voor \u2018maatwerk\u2019 maken we van elke gelegenheid een unieke belevenis. Catering voor de momenten die er echt toe doen De sleutelmomenten in je leven worden onvergetelijk [&hellip;]<\/p>\n","protected":false},"author":1,"featured_media":0,"parent":0,"menu_order":15,"comment_status":"closed","ping_status":"closed","template":"","meta":{"_acf_changed":false,"footnotes":""},"class_list":["post-1012","page","type-page","status-publish","hentry"],"blocksy_meta":{"page_title_panel":"","has_hero_section":"disabled","12fc41bb70c28cf055f6f222f63a6fa3":"","hero_section":"type-1","hero_elements":[{"id":"custom_title","enabled":true,"heading_tag":"h1","title":"Home"},{"id":"custom_description","enabled":true,"description_visibility":{"desktop":true,"tablet":true,"mobile":false}},{"id":"custom_meta","enabled":false,"meta_elements":[{"id":"author","enabled":true,"label":"By","has_author_avatar":"yes","avatar_size":25},{"id":"post_date","enabled":true,"label":"On","date_format_source":"default","date_format":"M j, Y"},{"id":"updated_date","enabled":false,"label":"On","date_format_source":"default","date_format":"M j, Y"},{"id":"categories","enabled":false,"label":"In","style":"simple"},{"id":"comments","enabled":true}],"page_meta_elements":{"joined":true,"articles_count":true,"comments":true}},{"id":"breadcrumbs","enabled":false}],"f786e1bdf245028f5e56d969cf7e26c8":"","hero_alignment1":"CT_CSS_SKIP_RULE","hero_margin":40,"hero_alignment2":"center","hero_vertical_alignment":"center","11c3233d02be63ef0250d7cf1ea8d0e1":"","hero_structure":"narrow","a860b481133a86013584e80ab59252c5":"","page_title_bg_type":"featured_image","custom_hero_background":{"attachment_id":null},"page_title_image_size":"full","parallax":{"desktop":false,"tablet":false,"mobile":false},"5fe0f96ec653e09f572395ff1323f34a":"","hero_height":"250px","pageTitleFont":{"family":"Default","variation":"Default","size":"30px","line-height":"CT_CSS_SKIP_RULE","letter-spacing":"CT_CSS_SKIP_RULE","text-transform":"CT_CSS_SKIP_RULE","text-decoration":"CT_CSS_SKIP_RULE"},"pageTitleFontColor":{"default":{"color":"CT_CSS_SKIP_RULEDEFAULT"}},"pageMetaFont":{"family":"Default","variation":"n6","size":"12px","line-height":"1.3","letter-spacing":"CT_CSS_SKIP_RULE","text-transform":"uppercase","text-decoration":"CT_CSS_SKIP_RULE"},"pageMetaFontColor":{"default":{"color":"CT_CSS_SKIP_RULEDEFAULT"},"hover":{"color":"CT_CSS_SKIP_RULEDEFAULT"}},"page_meta_button_type_font_colors":{"default":{"color":"CT_CSS_SKIP_RULEDEFAULT"},"hover":{"color":"CT_CSS_SKIP_RULEDEFAULT"}},"page_meta_button_type_background_colors":{"default":{"color":"CT_CSS_SKIP_RULEDEFAULT"},"hover":{"color":"CT_CSS_SKIP_RULEDEFAULT"}},"pageExcerptFont":{"family":"Default","variation":"Default","size":"CT_CSS_SKIP_RULE","line-height":"CT_CSS_SKIP_RULE","letter-spacing":"CT_CSS_SKIP_RULE","text-transform":"CT_CSS_SKIP_RULE","text-decoration":"CT_CSS_SKIP_RULE"},"pageExcerptColor":{"default":{"color":"CT_CSS_SKIP_RULEDEFAULT"}},"breadcrumbsFont":{"family":"Default","variation":"Default","size":"CT_CSS_SKIP_RULE","line-height":"CT_CSS_SKIP_RULE","letter-spacing":"CT_CSS_SKIP_RULE","text-transform":"CT_CSS_SKIP_RULE","text-decoration":"CT_CSS_SKIP_RULE"},"breadcrumbsFontColor":{"default":{"color":"CT_CSS_SKIP_RULEDEFAULT"},"initial":{"color":"CT_CSS_SKIP_RULEDEFAULT"},"hover":{"color":"CT_CSS_SKIP_RULEDEFAULT"}},"pageTitleOverlay":{"background_type":"color","background_pattern":"type-1","background_image":{"attachment_id":null,"x":0,"y":0},"gradient":"linear-gradient(135deg,rgba(6,147,227,1) 0%,rgb(155,81,224) 100%)","background_repeat":"repeat","background_size":"auto","background_attachment":"scroll","patternColor":{"default":{"color":"#e5e7ea"}},"overlayColor":{"default":{"color":"CT_CSS_SKIP_RULE"}},"backgroundColor":{"default":{"color":"CT_CSS_SKIP_RULE"}}},"pageTitleBackground":{"background_type":"color","background_pattern":"type-1","background_image":{"attachment_id":null,"x":0,"y":0},"gradient":"linear-gradient(135deg,rgba(6,147,227,1) 0%,rgb(155,81,224) 100%)","background_repeat":"repeat","background_size":"auto","background_attachment":"scroll","patternColor":{"default":{"color":"#e5e7ea"}},"overlayColor":{"default":{"color":"CT_CSS_SKIP_RULE"}},"backgroundColor":{"default":{"color":"var(--theme-palette-color-6)"}}},"pageTitlePadding":{"top":"50px","bottom":"50px","left":"auto","right":"auto","linked":true},"a303ba96105db1c68f6628b158b8dbfa":"","page_structure_type":"default","aa6c2694a416349cbc7345e4d010568f":"","content_style_source":"inherit","content_style":"wide","vertical_spacing_source":"custom","content_area_spacing":"none","background":{"background_type":"color","background_pattern":"type-1","background_image":{"attachment_id":null,"x":0,"y":0},"gradient":"linear-gradient(135deg,rgba(6,147,227,1) 0%,rgb(155,81,224) 100%)","background_repeat":"repeat","background_size":"auto","background_attachment":"scroll","patternColor":{"default":{"color":"#e5e7ea"}},"overlayColor":{"default":{"color":"CT_CSS_SKIP_RULE"}},"backgroundColor":{"default":{"color":"CT_CSS_SKIP_RULE"}}},"content_background":{"background_type":"color","background_pattern":"type-1","background_image":{"attachment_id":null,"x":0,"y":0},"gradient":"linear-gradient(135deg,rgba(6,147,227,1) 0%,rgb(155,81,224) 100%)","background_repeat":"repeat","background_size":"auto","background_attachment":"scroll","patternColor":{"default":{"color":"#e5e7ea"}},"overlayColor":{"default":{"color":"CT_CSS_SKIP_RULE"}},"backgroundColor":{"default":{"color":"var(--theme-palette-color-8)"}}},"content_boxed_shadow":{"inherit":false,"blur":18,"spread":-6,"v_offset":12,"h_offset":0,"inset":false,"enable":true,"color":{"color":"rgba(34, 56, 101, 0.04)"}},"content_boxed_border":{"width":1,"style":"none","color":{"color":"rgba(44,62,80,0.2)"}},"content_boxed_radius":{"top":"3px","bottom":"3px","left":"3px","right":"3px","linked":true},"boxed_content_spacing":{"desktop":{"top":"40px","bottom":"40px","left":"40px","right":"40px","linked":true},"tablet":{"top":"35px","bottom":"35px","left":"35px","right":"35px","linked":true},"mobile":{"top":"20px","bottom":"20px","left":"20px","right":"20px","linked":true}},"85e664fdc279c89ca91d311c866b8263":"","disable_featured_image":"no","disable_share_box":"no","disable_header":"no","disable_footer":"no","styles_descriptor":{"styles":{"desktop":"","tablet":"","mobile":""},"google_fonts":[],"version":6}},"acf":[],"yoast_head":"<!-- This site is optimized with the Yoast SEO plugin v27.5 - https:\/\/yoast.com\/product\/yoast-seo-wordpress\/ -->\n<title>Private Catering - Gourmet Invent<\/title>\n<meta name=\"robots\" content=\"index, follow, max-snippet:-1, max-image-preview:large, max-video-preview:-1\" \/>\n<link rel=\"canonical\" href=\"https:\/\/www.gourmetinvent.be\/nl\/private\/\" \/>\n<meta property=\"og:locale\" content=\"nl_NL\" \/>\n<meta property=\"og:type\" content=\"article\" \/>\n<meta property=\"og:title\" content=\"Private Catering - Gourmet Invent\" \/>\n<meta property=\"og:description\" content=\"Private Catering Voor uw unieke, prachtige en onvergetelijke feesten leggen onze chefs en adviseurs al hun passie aan de dag. Dankzij onze creativiteit, ons luisterend oor en onze smaak voor \u2018maatwerk\u2019 maken we van elke gelegenheid een unieke belevenis. Catering voor de momenten die er echt toe doen De sleutelmomenten in je leven worden onvergetelijk [&hellip;]\" \/>\n<meta property=\"og:url\" content=\"https:\/\/www.gourmetinvent.be\/nl\/private\/\" \/>\n<meta property=\"og:site_name\" content=\"Gourmet Invent\" \/>\n<meta property=\"article:modified_time\" content=\"2023-11-20T10:15:34+00:00\" \/>\n<meta property=\"og:image\" content=\"https:\/\/gourmetinvent.typografics.online\/wp-content\/uploads\/2023\/11\/GI_Web_Private_2-1-1024x683.jpg\" \/>\n<meta name=\"twitter:card\" content=\"summary_large_image\" \/>\n<meta name=\"twitter:label1\" content=\"Geschatte leestijd\" \/>\n\t<meta name=\"twitter:data1\" content=\"1 minuut\" \/>\n<script type=\"application\/ld+json\" class=\"yoast-schema-graph\">{\"@context\":\"https:\\\/\\\/schema.org\",\"@graph\":[{\"@type\":\"WebPage\",\"@id\":\"https:\\\/\\\/www.gourmetinvent.be\\\/nl\\\/private\\\/\",\"url\":\"https:\\\/\\\/www.gourmetinvent.be\\\/nl\\\/private\\\/\",\"name\":\"Private Catering - Gourmet Invent\",\"isPartOf\":{\"@id\":\"https:\\\/\\\/www.gourmetinvent.be\\\/nl\\\/#website\"},\"primaryImageOfPage\":{\"@id\":\"https:\\\/\\\/www.gourmetinvent.be\\\/nl\\\/private\\\/#primaryimage\"},\"image\":{\"@id\":\"https:\\\/\\\/www.gourmetinvent.be\\\/nl\\\/private\\\/#primaryimage\"},\"thumbnailUrl\":\"https:\\\/\\\/gourmetinvent.typografics.online\\\/wp-content\\\/uploads\\\/2023\\\/11\\\/GI_Web_Private_2-1-1024x683.jpg\",\"datePublished\":\"2023-08-07T10:08:09+00:00\",\"dateModified\":\"2023-11-20T10:15:34+00:00\",\"breadcrumb\":{\"@id\":\"https:\\\/\\\/www.gourmetinvent.be\\\/nl\\\/private\\\/#breadcrumb\"},\"inLanguage\":\"nl-NL\",\"potentialAction\":[{\"@type\":\"ReadAction\",\"target\":[\"https:\\\/\\\/www.gourmetinvent.be\\\/nl\\\/private\\\/\"]}]},{\"@type\":\"ImageObject\",\"inLanguage\":\"nl-NL\",\"@id\":\"https:\\\/\\\/www.gourmetinvent.be\\\/nl\\\/private\\\/#primaryimage\",\"url\":\"https:\\\/\\\/gourmetinvent.typografics.online\\\/wp-content\\\/uploads\\\/2023\\\/11\\\/GI_Web_Private_2-1-1024x683.jpg\",\"contentUrl\":\"https:\\\/\\\/gourmetinvent.typografics.online\\\/wp-content\\\/uploads\\\/2023\\\/11\\\/GI_Web_Private_2-1-1024x683.jpg\"},{\"@type\":\"BreadcrumbList\",\"@id\":\"https:\\\/\\\/www.gourmetinvent.be\\\/nl\\\/private\\\/#breadcrumb\",\"itemListElement\":[{\"@type\":\"ListItem\",\"position\":1,\"name\":\"Home\",\"item\":\"https:\\\/\\\/www.gourmetinvent.be\\\/nl\\\/\"},{\"@type\":\"ListItem\",\"position\":2,\"name\":\"Private Catering\"}]},{\"@type\":\"WebSite\",\"@id\":\"https:\\\/\\\/www.gourmetinvent.be\\\/nl\\\/#website\",\"url\":\"https:\\\/\\\/www.gourmetinvent.be\\\/nl\\\/\",\"name\":\"Gourmet Invent\",\"description\":\"The Difference in Food Emotions\",\"publisher\":{\"@id\":\"https:\\\/\\\/www.gourmetinvent.be\\\/nl\\\/#organization\"},\"potentialAction\":[{\"@type\":\"SearchAction\",\"target\":{\"@type\":\"EntryPoint\",\"urlTemplate\":\"https:\\\/\\\/www.gourmetinvent.be\\\/nl\\\/?s={search_term_string}\"},\"query-input\":{\"@type\":\"PropertyValueSpecification\",\"valueRequired\":true,\"valueName\":\"search_term_string\"}}],\"inLanguage\":\"nl-NL\"},{\"@type\":\"Organization\",\"@id\":\"https:\\\/\\\/www.gourmetinvent.be\\\/nl\\\/#organization\",\"name\":\"Gourmet Invent\",\"url\":\"https:\\\/\\\/www.gourmetinvent.be\\\/nl\\\/\",\"logo\":{\"@type\":\"ImageObject\",\"inLanguage\":\"nl-NL\",\"@id\":\"https:\\\/\\\/www.gourmetinvent.be\\\/nl\\\/#\\\/schema\\\/logo\\\/image\\\/\",\"url\":\"https:\\\/\\\/www.gourmetinvent.be\\\/wp-content\\\/uploads\\\/2023\\\/09\\\/Gourmet-Invent_Logo_Horizontal_Colour-White.svg\",\"contentUrl\":\"https:\\\/\\\/www.gourmetinvent.be\\\/wp-content\\\/uploads\\\/2023\\\/09\\\/Gourmet-Invent_Logo_Horizontal_Colour-White.svg\",\"width\":794,\"height\":313,\"caption\":\"Gourmet Invent\"},\"image\":{\"@id\":\"https:\\\/\\\/www.gourmetinvent.be\\\/nl\\\/#\\\/schema\\\/logo\\\/image\\\/\"}}]}<\/script>\n<!-- \/ Yoast SEO plugin. -->","yoast_head_json":{"title":"Private Catering - Gourmet Invent","robots":{"index":"index","follow":"follow","max-snippet":"max-snippet:-1","max-image-preview":"max-image-preview:large","max-video-preview":"max-video-preview:-1"},"canonical":"https:\/\/www.gourmetinvent.be\/nl\/private\/","og_locale":"nl_NL","og_type":"article","og_title":"Private Catering - Gourmet Invent","og_description":"Private Catering Voor uw unieke, prachtige en onvergetelijke feesten leggen onze chefs en adviseurs al hun passie aan de dag. Dankzij onze creativiteit, ons luisterend oor en onze smaak voor \u2018maatwerk\u2019 maken we van elke gelegenheid een unieke belevenis. Catering voor de momenten die er echt toe doen De sleutelmomenten in je leven worden onvergetelijk [&hellip;]","og_url":"https:\/\/www.gourmetinvent.be\/nl\/private\/","og_site_name":"Gourmet Invent","article_modified_time":"2023-11-20T10:15:34+00:00","og_image":[{"url":"https:\/\/gourmetinvent.typografics.online\/wp-content\/uploads\/2023\/11\/GI_Web_Private_2-1-1024x683.jpg","type":"","width":"","height":""}],"twitter_card":"summary_large_image","twitter_misc":{"Geschatte leestijd":"1 minuut"},"schema":{"@context":"https:\/\/schema.org","@graph":[{"@type":"WebPage","@id":"https:\/\/www.gourmetinvent.be\/nl\/private\/","url":"https:\/\/www.gourmetinvent.be\/nl\/private\/","name":"Private Catering - Gourmet Invent","isPartOf":{"@id":"https:\/\/www.gourmetinvent.be\/nl\/#website"},"primaryImageOfPage":{"@id":"https:\/\/www.gourmetinvent.be\/nl\/private\/#primaryimage"},"image":{"@id":"https:\/\/www.gourmetinvent.be\/nl\/private\/#primaryimage"},"thumbnailUrl":"https:\/\/gourmetinvent.typografics.online\/wp-content\/uploads\/2023\/11\/GI_Web_Private_2-1-1024x683.jpg","datePublished":"2023-08-07T10:08:09+00:00","dateModified":"2023-11-20T10:15:34+00:00","breadcrumb":{"@id":"https:\/\/www.gourmetinvent.be\/nl\/private\/#breadcrumb"},"inLanguage":"nl-NL","potentialAction":[{"@type":"ReadAction","target":["https:\/\/www.gourmetinvent.be\/nl\/private\/"]}]},{"@type":"ImageObject","inLanguage":"nl-NL","@id":"https:\/\/www.gourmetinvent.be\/nl\/private\/#primaryimage","url":"https:\/\/gourmetinvent.typografics.online\/wp-content\/uploads\/2023\/11\/GI_Web_Private_2-1-1024x683.jpg","contentUrl":"https:\/\/gourmetinvent.typografics.online\/wp-content\/uploads\/2023\/11\/GI_Web_Private_2-1-1024x683.jpg"},{"@type":"BreadcrumbList","@id":"https:\/\/www.gourmetinvent.be\/nl\/private\/#breadcrumb","itemListElement":[{"@type":"ListItem","position":1,"name":"Home","item":"https:\/\/www.gourmetinvent.be\/nl\/"},{"@type":"ListItem","position":2,"name":"Private Catering"}]},{"@type":"WebSite","@id":"https:\/\/www.gourmetinvent.be\/nl\/#website","url":"https:\/\/www.gourmetinvent.be\/nl\/","name":"Gourmet Invent","description":"The Difference in Food Emotions","publisher":{"@id":"https:\/\/www.gourmetinvent.be\/nl\/#organization"},"potentialAction":[{"@type":"SearchAction","target":{"@type":"EntryPoint","urlTemplate":"https:\/\/www.gourmetinvent.be\/nl\/?s={search_term_string}"},"query-input":{"@type":"PropertyValueSpecification","valueRequired":true,"valueName":"search_term_string"}}],"inLanguage":"nl-NL"},{"@type":"Organization","@id":"https:\/\/www.gourmetinvent.be\/nl\/#organization","name":"Gourmet Invent","url":"https:\/\/www.gourmetinvent.be\/nl\/","logo":{"@type":"ImageObject","inLanguage":"nl-NL","@id":"https:\/\/www.gourmetinvent.be\/nl\/#\/schema\/logo\/image\/","url":"https:\/\/www.gourmetinvent.be\/wp-content\/uploads\/2023\/09\/Gourmet-Invent_Logo_Horizontal_Colour-White.svg","contentUrl":"https:\/\/www.gourmetinvent.be\/wp-content\/uploads\/2023\/09\/Gourmet-Invent_Logo_Horizontal_Colour-White.svg","width":794,"height":313,"caption":"Gourmet Invent"},"image":{"@id":"https:\/\/www.gourmetinvent.be\/nl\/#\/schema\/logo\/image\/"}}]}},"_links":{"self":[{"href":"https:\/\/www.gourmetinvent.be\/nl\/wp-json\/wp\/v2\/pages\/1012","targetHints":{"allow":["GET"]}}],"collection":[{"href":"https:\/\/www.gourmetinvent.be\/nl\/wp-json\/wp\/v2\/pages"}],"about":[{"href":"https:\/\/www.gourmetinvent.be\/nl\/wp-json\/wp\/v2\/types\/page"}],"author":[{"embeddable":true,"href":"https:\/\/www.gourmetinvent.be\/nl\/wp-json\/wp\/v2\/users\/1"}],"replies":[{"embeddable":true,"href":"https:\/\/www.gourmetinvent.be\/nl\/wp-json\/wp\/v2\/comments?post=1012"}],"version-history":[{"count":0,"href":"https:\/\/www.gourmetinvent.be\/nl\/wp-json\/wp\/v2\/pages\/1012\/revisions"}],"wp:attachment":[{"href":"https:\/\/www.gourmetinvent.be\/nl\/wp-json\/wp\/v2\/media?parent=1012"}],"curies":[{"name":"wp","href":"https:\/\/api.w.org\/{rel}","templated":true}]}}